{"id":412,"date":"2023-01-16T14:02:06","date_gmt":"2023-01-16T14:02:06","guid":{"rendered":"https:\/\/thibert-cleaning.be\/contact-vilvorde\/"},"modified":"2023-02-27T14:19:23","modified_gmt":"2023-02-27T14:19:23","slug":"contact-vilvoorde","status":"publish","type":"page","link":"https:\/\/thibert-cleaning.be\/nl\/contact-vilvoorde\/","title":{"rendered":"Contact"},"content":{"rendered":"<p>[et_pb_section fb_built=&#8221;1&#8243; custom_padding_last_edited=&#8221;on|phone&#8221; _builder_version=&#8221;4.17.6&#8243; _module_preset=&#8221;default&#8221; background_image=&#8221;https:\/\/thibert-cleaning.be\/wp-content\/uploads\/2023\/01\/header-thibert-cleaning-hever-scaled.jpg&#8221; custom_padding=&#8221;90px||90px||true|false&#8221; custom_padding_tablet=&#8221;90px||90px||true|false&#8221; custom_padding_phone=&#8221;49px||49px||true|false&#8221; global_colors_info=&#8221;{}&#8221;][et_pb_row _builder_version=&#8221;4.17.6&#8243; _module_preset=&#8221;default&#8221; global_colors_info=&#8221;{}&#8221;][et_pb_column type=&#8221;4_4&#8243; _builder_version=&#8221;4.17.6&#8243; _module_preset=&#8221;default&#8221; global_colors_info=&#8221;{}&#8221;][et_pb_text _builder_version=&#8221;4.17.6&#8243; _module_preset=&#8221;default&#8221; text_font=&#8221;|600|||||||&#8221; text_text_color=&#8221;#FFFFFF&#8221; text_font_size=&#8221;40px&#8221; global_colors_info=&#8221;{}&#8221;]<\/p>\n<p class=\"title\">Contact<\/p>\n<p>[\/et_pb_text][\/et_pb_column][\/et_pb_row][\/et_pb_section][et_pb_section fb_built=&#8221;1&#8243; module_class=&#8221;mb-mg5&#8243; _builder_version=&#8221;4.17.6&#8243; _module_preset=&#8221;default&#8221; global_colors_info=&#8221;{}&#8221;][et_pb_row column_structure=&#8221;1_2,1_2&#8243; make_equal=&#8221;on&#8221; _builder_version=&#8221;4.17.6&#8243; _module_preset=&#8221;default&#8221; background_enable_image=&#8221;off&#8221; global_colors_info=&#8221;{}&#8221;][et_pb_column type=&#8221;1_2&#8243; module_class=&#8221;img class-block&#8221; _builder_version=&#8221;4.17.6&#8243; _module_preset=&#8221;default&#8221; background_image=&#8221;https:\/\/thibert-cleaning.be\/wp-content\/uploads\/2023\/01\/thibert-cleaning-thibert-cleaning-hever.jpg&#8221; custom_padding=&#8221;||||false|false&#8221; global_colors_info=&#8221;{}&#8221;][\/et_pb_column][et_pb_column type=&#8221;1_2&#8243; _builder_version=&#8221;4.17.6&#8243; _module_preset=&#8221;default&#8221; global_colors_info=&#8221;{}&#8221;][et_pb_text module_class=&#8221;dico&#8221; _builder_version=&#8221;4.17.6&#8243; _module_preset=&#8221;default&#8221; header_2_font=&#8221;|600|||||||&#8221; header_2_text_color=&#8221;#15890f&#8221; header_2_font_size=&#8221;35px&#8221; header_2_line_height=&#8221;1.2em&#8221; header_3_font=&#8221;|600|||||||&#8221; header_3_text_color=&#8221;#000000&#8243; header_3_font_size=&#8221;31px&#8221; custom_padding=&#8221;55px||55px||true|false&#8221; custom_padding_tablet=&#8221;55px||55px||true|false&#8221; custom_padding_phone=&#8221;12px||12px||true|false&#8221; custom_padding_last_edited=&#8221;on|phone&#8221; inline_fonts=&#8221;Acme&#8221; global_colors_info=&#8221;{}&#8221;]<\/p>\n<h2>Thibert Cleaning in Vilvorde<\/h2>\n<h3>Contacteer ons<\/h3>\n<p>Bent u op zoek naar een <span style=\"color: #15890f;\"><strong>glazenwasser<\/strong> <strong>in Brussel<\/strong><\/span>, Kampenhout of Vilvoorde? Bent u op zoek naar een <strong>professioneel bedrijf<\/strong> om de hoge ramen van uw gebouw te wassen? Heeft u hulp nodig om uw <span style=\"color: #15890f;\"><strong>zonnepanelen te wassen<\/strong><\/span> zodat ze optimaal presteren? Moet u alle ramen van uw veranda laten reinigen zodat ze na het drogen geen kalksporen achterlaten? <strong><span style=\"color: #15890f;\">Thibert Cleaning &#8211; Glazenwasser<\/span><\/strong> in Vilvoorde, Brussel en Kampenhout. Indien u vragen heeft over onze diensten, onze verschillende professionele technieken voor het reinigen van uw ramen, zonnepanelen, enz., aarzel dan niet om ons te contacteren. Wij zullen u graag zo snel mogelijk antwoorden.<\/p>\n<p>[\/et_pb_text][\/et_pb_column][\/et_pb_row][et_pb_row column_structure=&#8221;1_3,1_3,1_3&#8243; module_class=&#8221;tb-mg3&#8243; _builder_version=&#8221;4.17.6&#8243; _module_preset=&#8221;default&#8221; custom_padding=&#8221;53px|||||&#8221; border_color_right=&#8221;#000000&#8243; global_colors_info=&#8221;{}&#8221;][et_pb_column type=&#8221;1_3&#8243; module_class=&#8221;tb-info&#8221; _builder_version=&#8221;4.17.6&#8243; _module_preset=&#8221;default&#8221; border_width_right=&#8221;2px&#8221; border_color_right=&#8221;#d6d6d6&#8243; global_colors_info=&#8221;{}&#8221;][et_pb_blurb image=&#8221;https:\/\/thibert-cleaning.be\/wp-content\/uploads\/2023\/01\/emplacement.png&#8221; icon_alignment=&#8221;left&#8221; _builder_version=&#8221;4.17.6&#8243; _module_preset=&#8221;default&#8221; body_text_color=&#8221;#000000&#8243; body_font_size=&#8221;20px&#8221; global_colors_info=&#8221;{}&#8221;]<\/p>\n<p>BIESTRAAT N\u00b084 B 3191 HEVER<\/p>\n<p>[\/et_pb_blurb][\/et_pb_column][et_pb_column type=&#8221;1_3&#8243; module_class=&#8221;tb-info&#8221; _builder_version=&#8221;4.17.6&#8243; _module_preset=&#8221;default&#8221; border_width_right=&#8221;2px&#8221; border_color_right=&#8221;#d6d6d6&#8243; global_colors_info=&#8221;{}&#8221;][et_pb_blurb url=&#8221;mailto:info@thibert-cleaning.be%20&#8243; image=&#8221;https:\/\/thibert-cleaning.be\/wp-content\/uploads\/2023\/01\/publicite-par-e-mail.png&#8221; icon_alignment=&#8221;left&#8221; _builder_version=&#8221;4.17.6&#8243; _module_preset=&#8221;default&#8221; body_text_color=&#8221;#000000&#8243; body_font_size=&#8221;20px&#8221; global_colors_info=&#8221;{}&#8221;]<\/p>\n<p>info@thibert-cleaning.be<\/p>\n<p>[\/et_pb_blurb][\/et_pb_column][et_pb_column type=&#8221;1_3&#8243; module_class=&#8221;tb-info&#8221; _builder_version=&#8221;4.17.6&#8243; _module_preset=&#8221;default&#8221; global_colors_info=&#8221;{}&#8221;][et_pb_blurb url=&#8221;tel:02\/880.54.31&#8243; image=&#8221;https:\/\/thibert-cleaning.be\/wp-content\/uploads\/2023\/01\/appel.png&#8221; icon_alignment=&#8221;left&#8221; _builder_version=&#8221;4.17.6&#8243; _module_preset=&#8221;default&#8221; body_text_color=&#8221;#000000&#8243; body_font_size=&#8221;20px&#8221; global_colors_info=&#8221;{}&#8221;]<\/p>\n<p>02\/880.54.31<\/p>\n<p>[\/et_pb_blurb][\/et_pb_column][\/et_pb_row][\/et_pb_section][et_pb_section fb_built=&#8221;1&#8243; module_class=&#8221;tb-mg4&#8243; _builder_version=&#8221;4.17.6&#8243; _module_preset=&#8221;default&#8221; background_color=&#8221;#e0edf7&#8243; background_enable_image=&#8221;off&#8221; global_colors_info=&#8221;{}&#8221;][et_pb_row _builder_version=&#8221;4.17.6&#8243; _module_preset=&#8221;default&#8221; global_colors_info=&#8221;{}&#8221;][et_pb_column type=&#8221;4_4&#8243; _builder_version=&#8221;4.17.6&#8243; _module_preset=&#8221;default&#8221; global_colors_info=&#8221;{}&#8221;][et_pb_code module_class=&#8221;color&#8221; _builder_version=&#8221;4.17.6&#8243; _module_preset=&#8221;default&#8221; global_colors_info=&#8221;{}&#8221;][\/et_pb_code][\/et_pb_column][\/et_pb_row][\/et_pb_section][et_pb_section fb_built=&#8221;1&#8243; fullwidth=&#8221;on&#8221; _builder_version=&#8221;4.17.6&#8243; _module_preset=&#8221;default&#8221; global_colors_info=&#8221;{}&#8221;][et_pb_fullwidth_code _builder_version=&#8221;4.17.6&#8243; _module_preset=&#8221;default&#8221; global_colors_info=&#8221;{}&#8221;]<iframe src=\"https:\/\/www.google.com\/maps\/embed?pb=!1m18!1m12!1m3!1d2510.9519934337513!2d4.536525315911028!3d50.99855925559962!2m3!1f0!2f0!3f0!3m2!1i1024!2i768!4f13.1!3m3!1m2!1s0x47c3e1521855753b%3A0xa08fdaa0d7ca222e!2sMeta%20Croom%20NV!5e0!3m2!1sfr!2sma!4v1673972842117!5m2!1sfr!2sma\" width=\"100%\" height=\"450\" style=\"border:0;\" allowfullscreen=\"\" loading=\"lazy\" referrerpolicy=\"no-referrer-when-downgrade\"><\/iframe>[\/et_pb_fullwidth_code][\/et_pb_section]<\/p>\n","protected":false},"excerpt":{"rendered":"<p>ContactThibert Cleaning in Vilvorde Contacteer ons Bent u op zoek naar een glazenwasser in Brussel, Kampenhout of Vilvoorde? Bent u op zoek naar een professioneel bedrijf om de hoge ramen van uw gebouw te wassen? Heeft u hulp nodig om uw zonnepanelen te wassen zodat ze optimaal presteren? Moet u alle ramen van uw veranda [&hellip;]<\/p>\n","protected":false},"author":1,"featured_media":0,"parent":0,"menu_order":0,"comment_status":"closed","ping_status":"closed","template":"","meta":{"_et_pb_use_builder":"on","_et_pb_old_content":"","_et_gb_content_width":"","footnotes":""},"class_list":["post-412","page","type-page","status-publish","hentry"],"yoast_head":"<!-- This site is optimized with the Yoast SEO plugin v26.3 - https:\/\/yoast.com\/wordpress\/plugins\/seo\/ -->\n<title>Thibert Cleaning in Vilvoorde - Contacteer ons<\/title>\n<meta name=\"description\" content=\"Als u vragen heeft over onze diensten, onze verschillende professionele reinigingstechnieken, aarzel dan niet om contact met ons op te nemen.\" \/>\n<meta name=\"robots\" content=\"index, follow, max-snippet:-1, max-image-preview:large, max-video-preview:-1\" \/>\n<link rel=\"canonical\" href=\"https:\/\/thibert-cleaning.be\/nl\/contact-vilvoorde\/\" \/>\n<meta property=\"og:locale\" content=\"nl_NL\" \/>\n<meta property=\"og:type\" content=\"article\" \/>\n<meta property=\"og:title\" content=\"Thibert Cleaning in Vilvoorde - Contacteer ons\" \/>\n<meta property=\"og:description\" content=\"Als u vragen heeft over onze diensten, onze verschillende professionele reinigingstechnieken, aarzel dan niet om contact met ons op te nemen.\" \/>\n<meta property=\"og:url\" content=\"https:\/\/thibert-cleaning.be\/nl\/contact-vilvoorde\/\" \/>\n<meta property=\"og:site_name\" content=\"THIBERT CLEANING\" \/>\n<meta property=\"article:modified_time\" content=\"2023-02-27T14:19:23+00:00\" \/>\n<meta property=\"og:image\" content=\"https:\/\/thibert-cleaning.be\/wp-content\/uploads\/2023\/01\/logo.png\" \/>\n\t<meta property=\"og:image:width\" content=\"300\" \/>\n\t<meta property=\"og:image:height\" content=\"100\" \/>\n\t<meta property=\"og:image:type\" content=\"image\/png\" \/>\n<meta name=\"twitter:card\" content=\"summary_large_image\" \/>\n<meta name=\"twitter:label1\" content=\"Geschatte leestijd\" \/>\n\t<meta name=\"twitter:data1\" content=\"2 minuten\" \/>\n<script type=\"application\/ld+json\" class=\"yoast-schema-graph\">{\"@context\":\"https:\/\/schema.org\",\"@graph\":[{\"@type\":\"WebPage\",\"@id\":\"https:\/\/thibert-cleaning.be\/nl\/contact-vilvoorde\/\",\"url\":\"https:\/\/thibert-cleaning.be\/nl\/contact-vilvoorde\/\",\"name\":\"Thibert Cleaning in Vilvoorde - Contacteer ons\",\"isPartOf\":{\"@id\":\"https:\/\/thibert-cleaning.be\/nl\/#website\"},\"datePublished\":\"2023-01-16T14:02:06+00:00\",\"dateModified\":\"2023-02-27T14:19:23+00:00\",\"description\":\"Als u vragen heeft over onze diensten, onze verschillende professionele reinigingstechnieken, aarzel dan niet om contact met ons op te nemen.\",\"breadcrumb\":{\"@id\":\"https:\/\/thibert-cleaning.be\/nl\/contact-vilvoorde\/#breadcrumb\"},\"inLanguage\":\"nl-NL\",\"potentialAction\":[{\"@type\":\"ReadAction\",\"target\":[\"https:\/\/thibert-cleaning.be\/nl\/contact-vilvoorde\/\"]}]},{\"@type\":\"BreadcrumbList\",\"@id\":\"https:\/\/thibert-cleaning.be\/nl\/contact-vilvoorde\/#breadcrumb\",\"itemListElement\":[{\"@type\":\"ListItem\",\"position\":1,\"name\":\"Accueil\",\"item\":\"https:\/\/thibert-cleaning.be\/nl\/\"},{\"@type\":\"ListItem\",\"position\":2,\"name\":\"Contact\"}]},{\"@type\":\"WebSite\",\"@id\":\"https:\/\/thibert-cleaning.be\/nl\/#website\",\"url\":\"https:\/\/thibert-cleaning.be\/nl\/\",\"name\":\"Thibert Cleaning\",\"description\":\"Thibert Cleaning est une entreprise sp\u00e9cialis\u00e9e dans le lavage des vitres aupr\u00e8s des professionnels et des particuliers dans toutes les villes du Brabant wallon comme du Brabant flamand.\",\"publisher\":{\"@id\":\"https:\/\/thibert-cleaning.be\/nl\/#organization\"},\"potentialAction\":[{\"@type\":\"SearchAction\",\"target\":{\"@type\":\"EntryPoint\",\"urlTemplate\":\"https:\/\/thibert-cleaning.be\/nl\/?s={search_term_string}\"},\"query-input\":{\"@type\":\"PropertyValueSpecification\",\"valueRequired\":true,\"valueName\":\"search_term_string\"}}],\"inLanguage\":\"nl-NL\"},{\"@type\":\"Organization\",\"@id\":\"https:\/\/thibert-cleaning.be\/nl\/#organization\",\"name\":\"Thibert Cleaning\",\"url\":\"https:\/\/thibert-cleaning.be\/nl\/\",\"logo\":{\"@type\":\"ImageObject\",\"inLanguage\":\"nl-NL\",\"@id\":\"https:\/\/thibert-cleaning.be\/nl\/#\/schema\/logo\/image\/\",\"url\":\"https:\/\/thibert-cleaning.be\/wp-content\/uploads\/2023\/01\/cropped-fv.jpg\",\"contentUrl\":\"https:\/\/thibert-cleaning.be\/wp-content\/uploads\/2023\/01\/cropped-fv.jpg\",\"width\":512,\"height\":512,\"caption\":\"Thibert Cleaning\"},\"image\":{\"@id\":\"https:\/\/thibert-cleaning.be\/nl\/#\/schema\/logo\/image\/\"}}]}<\/script>\n<!-- \/ Yoast SEO plugin. -->","yoast_head_json":{"title":"Thibert Cleaning in Vilvoorde - Contacteer ons","description":"Als u vragen heeft over onze diensten, onze verschillende professionele reinigingstechnieken, aarzel dan niet om contact met ons op te nemen.","robots":{"index":"index","follow":"follow","max-snippet":"max-snippet:-1","max-image-preview":"max-image-preview:large","max-video-preview":"max-video-preview:-1"},"canonical":"https:\/\/thibert-cleaning.be\/nl\/contact-vilvoorde\/","og_locale":"nl_NL","og_type":"article","og_title":"Thibert Cleaning in Vilvoorde - Contacteer ons","og_description":"Als u vragen heeft over onze diensten, onze verschillende professionele reinigingstechnieken, aarzel dan niet om contact met ons op te nemen.","og_url":"https:\/\/thibert-cleaning.be\/nl\/contact-vilvoorde\/","og_site_name":"THIBERT CLEANING","article_modified_time":"2023-02-27T14:19:23+00:00","og_image":[{"width":300,"height":100,"url":"https:\/\/thibert-cleaning.be\/wp-content\/uploads\/2023\/01\/logo.png","type":"image\/png"}],"twitter_card":"summary_large_image","twitter_misc":{"Geschatte leestijd":"2 minuten"},"schema":{"@context":"https:\/\/schema.org","@graph":[{"@type":"WebPage","@id":"https:\/\/thibert-cleaning.be\/nl\/contact-vilvoorde\/","url":"https:\/\/thibert-cleaning.be\/nl\/contact-vilvoorde\/","name":"Thibert Cleaning in Vilvoorde - Contacteer ons","isPartOf":{"@id":"https:\/\/thibert-cleaning.be\/nl\/#website"},"datePublished":"2023-01-16T14:02:06+00:00","dateModified":"2023-02-27T14:19:23+00:00","description":"Als u vragen heeft over onze diensten, onze verschillende professionele reinigingstechnieken, aarzel dan niet om contact met ons op te nemen.","breadcrumb":{"@id":"https:\/\/thibert-cleaning.be\/nl\/contact-vilvoorde\/#breadcrumb"},"inLanguage":"nl-NL","potentialAction":[{"@type":"ReadAction","target":["https:\/\/thibert-cleaning.be\/nl\/contact-vilvoorde\/"]}]},{"@type":"BreadcrumbList","@id":"https:\/\/thibert-cleaning.be\/nl\/contact-vilvoorde\/#breadcrumb","itemListElement":[{"@type":"ListItem","position":1,"name":"Accueil","item":"https:\/\/thibert-cleaning.be\/nl\/"},{"@type":"ListItem","position":2,"name":"Contact"}]},{"@type":"WebSite","@id":"https:\/\/thibert-cleaning.be\/nl\/#website","url":"https:\/\/thibert-cleaning.be\/nl\/","name":"Thibert Cleaning","description":"Thibert Cleaning est une entreprise sp\u00e9cialis\u00e9e dans le lavage des vitres aupr\u00e8s des professionnels et des particuliers dans toutes les villes du Brabant wallon comme du Brabant flamand.","publisher":{"@id":"https:\/\/thibert-cleaning.be\/nl\/#organization"},"potentialAction":[{"@type":"SearchAction","target":{"@type":"EntryPoint","urlTemplate":"https:\/\/thibert-cleaning.be\/nl\/?s={search_term_string}"},"query-input":{"@type":"PropertyValueSpecification","valueRequired":true,"valueName":"search_term_string"}}],"inLanguage":"nl-NL"},{"@type":"Organization","@id":"https:\/\/thibert-cleaning.be\/nl\/#organization","name":"Thibert Cleaning","url":"https:\/\/thibert-cleaning.be\/nl\/","logo":{"@type":"ImageObject","inLanguage":"nl-NL","@id":"https:\/\/thibert-cleaning.be\/nl\/#\/schema\/logo\/image\/","url":"https:\/\/thibert-cleaning.be\/wp-content\/uploads\/2023\/01\/cropped-fv.jpg","contentUrl":"https:\/\/thibert-cleaning.be\/wp-content\/uploads\/2023\/01\/cropped-fv.jpg","width":512,"height":512,"caption":"Thibert Cleaning"},"image":{"@id":"https:\/\/thibert-cleaning.be\/nl\/#\/schema\/logo\/image\/"}}]}},"_links":{"self":[{"href":"https:\/\/thibert-cleaning.be\/nl\/wp-json\/wp\/v2\/pages\/412","targetHints":{"allow":["GET"]}}],"collection":[{"href":"https:\/\/thibert-cleaning.be\/nl\/wp-json\/wp\/v2\/pages"}],"about":[{"href":"https:\/\/thibert-cleaning.be\/nl\/wp-json\/wp\/v2\/types\/page"}],"author":[{"embeddable":true,"href":"https:\/\/thibert-cleaning.be\/nl\/wp-json\/wp\/v2\/users\/1"}],"replies":[{"embeddable":true,"href":"https:\/\/thibert-cleaning.be\/nl\/wp-json\/wp\/v2\/comments?post=412"}],"version-history":[{"count":2,"href":"https:\/\/thibert-cleaning.be\/nl\/wp-json\/wp\/v2\/pages\/412\/revisions"}],"predecessor-version":[{"id":461,"href":"https:\/\/thibert-cleaning.be\/nl\/wp-json\/wp\/v2\/pages\/412\/revisions\/461"}],"wp:attachment":[{"href":"https:\/\/thibert-cleaning.be\/nl\/wp-json\/wp\/v2\/media?parent=412"}],"curies":[{"name":"wp","href":"https:\/\/api.w.org\/{rel}","templated":true}]}}