{"id":410,"date":"2023-01-25T11:54:55","date_gmt":"2023-01-25T11:54:55","guid":{"rendered":"https:\/\/thibert-cleaning.be\/offre-de-prix-vilvorde\/"},"modified":"2023-02-27T14:20:12","modified_gmt":"2023-02-27T14:20:12","slug":"prijs-aanbieding-vilvoorde","status":"publish","type":"page","link":"https:\/\/thibert-cleaning.be\/nl\/prijs-aanbieding-vilvoorde\/","title":{"rendered":"Offre de prix"},"content":{"rendered":"<p>[et_pb_section fb_built=&#8221;1&#8243; custom_padding_last_edited=&#8221;on|phone&#8221; _builder_version=&#8221;4.17.6&#8243; _module_preset=&#8221;default&#8221; background_image=&#8221;https:\/\/thibert-cleaning.be\/wp-content\/uploads\/2023\/01\/header-thibert-cleaning-hever-scaled.jpg&#8221; custom_padding=&#8221;90px||90px||true|false&#8221; custom_padding_tablet=&#8221;90px||90px||true|false&#8221; custom_padding_phone=&#8221;49px||49px||true|false&#8221; global_colors_info=&#8221;{}&#8221;][et_pb_row _builder_version=&#8221;4.17.6&#8243; _module_preset=&#8221;default&#8221; global_colors_info=&#8221;{}&#8221;][et_pb_column type=&#8221;4_4&#8243; _builder_version=&#8221;4.17.6&#8243; _module_preset=&#8221;default&#8221; global_colors_info=&#8221;{}&#8221;][et_pb_text _builder_version=&#8221;4.17.6&#8243; _module_preset=&#8221;default&#8221; text_font=&#8221;|600|||||||&#8221; text_text_color=&#8221;#FFFFFF&#8221; text_font_size=&#8221;40px&#8221; global_colors_info=&#8221;{}&#8221;]<\/p>\n<p class=\"title\">Offerte<\/p>\n<p>[\/et_pb_text][\/et_pb_column][\/et_pb_row][\/et_pb_section][et_pb_section fb_built=&#8221;1&#8243; module_class=&#8221;mb-mg4&#8243; _builder_version=&#8221;4.17.6&#8243; _module_preset=&#8221;default&#8221; global_colors_info=&#8221;{}&#8221;][et_pb_row column_structure=&#8221;1_2,1_2&#8243; make_equal=&#8221;on&#8221; module_class=&#8221;tb-mg2&#8243; _builder_version=&#8221;4.17.6&#8243; _module_preset=&#8221;default&#8221; global_colors_info=&#8221;{}&#8221;][et_pb_column type=&#8221;1_2&#8243; module_class=&#8221;img class-block&#8221; _builder_version=&#8221;4.17.6&#8243; _module_preset=&#8221;default&#8221; background_image=&#8221;https:\/\/thibert-cleaning.be\/wp-content\/uploads\/2023\/01\/nos-offres-de-prix-thibert-cleaning-hever.jpg&#8221; custom_padding=&#8221;||||false|false&#8221; global_colors_info=&#8221;{}&#8221;][\/et_pb_column][et_pb_column type=&#8221;1_2&#8243; _builder_version=&#8221;4.17.6&#8243; _module_preset=&#8221;default&#8221; global_colors_info=&#8221;{}&#8221;][et_pb_text module_class=&#8221;dico2&#8243; _builder_version=&#8221;4.17.6&#8243; _module_preset=&#8221;default&#8221; header_2_font=&#8221;|600|||||||&#8221; header_2_text_color=&#8221;#000000&#8243; header_2_font_size=&#8221;35px&#8221; header_2_line_height=&#8221;1.2em&#8221; header_3_font=&#8221;|600|||||||&#8221; header_3_text_color=&#8221;#000000&#8243; header_3_font_size=&#8221;35px&#8221; header_3_line_height=&#8221;1.1em&#8221; custom_padding=&#8221;55px||||false|false&#8221; custom_padding_tablet=&#8221;55px||||false|false&#8221; custom_padding_phone=&#8221;12px||||false|false&#8221; custom_padding_last_edited=&#8221;on|phone&#8221; global_colors_info=&#8221;{}&#8221;]<\/p>\n<h3>Onze prijsofferte op maat voor particulieren en bedrijven<\/h3>\n<p>Onze prijsofferte worden enkel gemaakt op aanvraag. We moeten steeds ter plaatsen komen om een evaluatie en de mogelijkheden te bekijken. We komen in Boortmeerbeek, Kampenhout, Mechelen, Vilvoorde, Brussel en in heel Vlaams-Brabant.<\/p>\n<p>Wenst u meer inlichtingen over het reinigen met <strong>osmose water<\/strong>? U wenst een <strong>snelle interventie<\/strong> in Vlaams-Brabant? Contacteer ons<\/p>\n<p>[\/et_pb_text][et_pb_button button_url=&#8221;\/contact-vilvorde\/&#8221; button_text=&#8221;Contacteer ons&#8221; _builder_version=&#8221;4.17.6&#8243; _module_preset=&#8221;default&#8221; custom_button=&#8221;on&#8221; button_text_color=&#8221;#ffffff&#8221; button_bg_color=&#8221;#15890f&#8221; button_border_width=&#8221;0px&#8221; button_border_radius=&#8221;0px&#8221; custom_margin=&#8221;||50px||false|false&#8221; custom_padding=&#8221;||||false|false&#8221; global_colors_info=&#8221;{}&#8221;][\/et_pb_button][\/et_pb_column][\/et_pb_row][\/et_pb_section][et_pb_section fb_built=&#8221;1&#8243; module_class=&#8221;class-none &#8221; _builder_version=&#8221;4.17.6&#8243; _module_preset=&#8221;default&#8221; global_colors_info=&#8221;{}&#8221;][et_pb_row _builder_version=&#8221;4.17.6&#8243; _module_preset=&#8221;default&#8221; global_colors_info=&#8221;{}&#8221;][et_pb_column type=&#8221;4_4&#8243; _builder_version=&#8221;4.17.6&#8243; _module_preset=&#8221;default&#8221; global_colors_info=&#8221;{}&#8221;][et_pb_text _builder_version=&#8221;4.17.6&#8243; _module_preset=&#8221;default&#8221; global_colors_info=&#8221;{}&#8221;]<\/p>\n<p>Thibert Cleaning est votre laveur de vitres \u00e0 Bruxelles, Kraainem ainsi que dans toutes les villes du Brabant wallon. Nous accompagnons les professionnels comme les particuliers pour le nettoyage de leurs vitres, panneaux solaires et autres surfaces vitr\u00e9es. Nous intervenons rapidement \u00e0 l\u2019adresse de votre choix. Pour toute demande de devis, contactez-nous.<\/p>\n<p>[\/et_pb_text][\/et_pb_column][\/et_pb_row][\/et_pb_section][et_pb_section fb_built=&#8221;1&#8243; prev_background_color=&#8221;#ffffff&#8221; module_class=&#8221;class-padd1 mb-cont&#8221; _builder_version=&#8221;4.17.6&#8243; _module_preset=&#8221;default&#8221; background_image=&#8221;https:\/\/thibert-cleaning.be\/wp-content\/uploads\/2023\/01\/contact-thibert-cleaning-hever.jpg&#8221; parallax=&#8221;on&#8221; top_divider_style=&#8221;slant2&#8243; global_colors_info=&#8221;{}&#8221;][et_pb_row column_structure=&#8221;1_2,1_2&#8243; _builder_version=&#8221;4.17.6&#8243; _module_preset=&#8221;default&#8221; global_colors_info=&#8221;{}&#8221;][et_pb_column type=&#8221;1_2&#8243; module_class=&#8221;carte&#8221; _builder_version=&#8221;4.17.6&#8243; _module_preset=&#8221;default&#8221; global_colors_info=&#8221;{}&#8221;][et_pb_text module_class=&#8221;dico&#8221; _builder_version=&#8221;4.17.6&#8243; _module_preset=&#8221;default&#8221; text_text_color=&#8221;#FFFFFF&#8221; header_2_font=&#8221;|600|||||||&#8221; header_2_text_color=&#8221;#FFFFFF&#8221; header_2_font_size=&#8221;35px&#8221; header_3_font=&#8221;|600|||||||&#8221; header_3_text_color=&#8221;#FFFFFF&#8221; header_3_font_size=&#8221;30px&#8221; global_colors_info=&#8221;{}&#8221;]<\/p>\n<h2>Thibert Cleaning in Vilvorde<strong><\/strong><\/h2>\n<h3>Contacteer ons<\/h3>\n<p>Om ons een vraag te stellen over onze prijsaanbiedingen of om een afspraak te maken voor een gratis offerte, neem contact met ons op.<\/p>\n<p>[\/et_pb_text][et_pb_button button_url=&#8221;\/contact-vilvorde\/&#8221; button_text=&#8221;Contacteer ons&#8221; _builder_version=&#8221;4.17.6&#8243; _module_preset=&#8221;default&#8221; custom_button=&#8221;on&#8221; button_text_color=&#8221;#ffffff&#8221; button_bg_color=&#8221;#15890f&#8221; button_border_width=&#8221;0px&#8221; button_border_radius=&#8221;0px&#8221; global_colors_info=&#8221;{}&#8221;][\/et_pb_button][\/et_pb_column][et_pb_column type=&#8221;1_2&#8243; _builder_version=&#8221;4.17.6&#8243; _module_preset=&#8221;default&#8221; global_colors_info=&#8221;{}&#8221;][\/et_pb_column][\/et_pb_row][\/et_pb_section]<\/p>\n","protected":false},"excerpt":{"rendered":"<p>OfferteOnze prijsofferte op maat voor particulieren en bedrijven Onze prijsofferte worden enkel gemaakt op aanvraag. We moeten steeds ter plaatsen komen om een evaluatie en de mogelijkheden te bekijken. We komen in Boortmeerbeek, Kampenhout, Mechelen, Vilvoorde, Brussel en in heel Vlaams-Brabant. Wenst u meer inlichtingen over het reinigen met osmose water? U wenst een snelle [&hellip;]<\/p>\n","protected":false},"author":2,"featured_media":0,"parent":0,"menu_order":0,"comment_status":"closed","ping_status":"closed","template":"","meta":{"_et_pb_use_builder":"on","_et_pb_old_content":"","_et_gb_content_width":"","footnotes":""},"class_list":["post-410","page","type-page","status-publish","hentry"],"yoast_head":"<!-- This site is optimized with the Yoast SEO plugin v26.3 - https:\/\/yoast.com\/wordpress\/plugins\/seo\/ -->\n<title>Thibert Cleaning - Onze prijsoffertes op maat<\/title>\n<meta name=\"description\" content=\"Wilt u dat ons bedrijf snel ingrijpt bij een bedrijf in Vlaams-Brabant? Neem dan nu contact met ons op.\" \/>\n<meta name=\"robots\" content=\"index, follow, max-snippet:-1, max-image-preview:large, max-video-preview:-1\" \/>\n<link rel=\"canonical\" href=\"https:\/\/thibert-cleaning.be\/nl\/prijs-aanbieding-vilvoorde\/\" \/>\n<meta property=\"og:locale\" content=\"nl_NL\" \/>\n<meta property=\"og:type\" content=\"article\" \/>\n<meta property=\"og:title\" content=\"Thibert Cleaning - Onze prijsoffertes op maat\" \/>\n<meta property=\"og:description\" content=\"Wilt u dat ons bedrijf snel ingrijpt bij een bedrijf in Vlaams-Brabant? Neem dan nu contact met ons op.\" \/>\n<meta property=\"og:url\" content=\"https:\/\/thibert-cleaning.be\/nl\/prijs-aanbieding-vilvoorde\/\" \/>\n<meta property=\"og:site_name\" content=\"THIBERT CLEANING\" \/>\n<meta property=\"article:modified_time\" content=\"2023-02-27T14:20:12+00:00\" \/>\n<meta property=\"og:image\" content=\"https:\/\/thibert-cleaning.be\/wp-content\/uploads\/2023\/01\/logo.png\" \/>\n\t<meta property=\"og:image:width\" content=\"300\" \/>\n\t<meta property=\"og:image:height\" content=\"100\" \/>\n\t<meta property=\"og:image:type\" content=\"image\/png\" \/>\n<meta name=\"twitter:card\" content=\"summary_large_image\" \/>\n<meta name=\"twitter:label1\" content=\"Geschatte leestijd\" \/>\n\t<meta name=\"twitter:data1\" content=\"2 minuten\" \/>\n<script type=\"application\/ld+json\" class=\"yoast-schema-graph\">{\"@context\":\"https:\/\/schema.org\",\"@graph\":[{\"@type\":\"WebPage\",\"@id\":\"https:\/\/thibert-cleaning.be\/nl\/prijs-aanbieding-vilvoorde\/\",\"url\":\"https:\/\/thibert-cleaning.be\/nl\/prijs-aanbieding-vilvoorde\/\",\"name\":\"Thibert Cleaning - Onze prijsoffertes op maat\",\"isPartOf\":{\"@id\":\"https:\/\/thibert-cleaning.be\/nl\/#website\"},\"datePublished\":\"2023-01-25T11:54:55+00:00\",\"dateModified\":\"2023-02-27T14:20:12+00:00\",\"description\":\"Wilt u dat ons bedrijf snel ingrijpt bij een bedrijf in Vlaams-Brabant? Neem dan nu contact met ons op.\",\"breadcrumb\":{\"@id\":\"https:\/\/thibert-cleaning.be\/nl\/prijs-aanbieding-vilvoorde\/#breadcrumb\"},\"inLanguage\":\"nl-NL\",\"potentialAction\":[{\"@type\":\"ReadAction\",\"target\":[\"https:\/\/thibert-cleaning.be\/nl\/prijs-aanbieding-vilvoorde\/\"]}]},{\"@type\":\"BreadcrumbList\",\"@id\":\"https:\/\/thibert-cleaning.be\/nl\/prijs-aanbieding-vilvoorde\/#breadcrumb\",\"itemListElement\":[{\"@type\":\"ListItem\",\"position\":1,\"name\":\"Accueil\",\"item\":\"https:\/\/thibert-cleaning.be\/nl\/\"},{\"@type\":\"ListItem\",\"position\":2,\"name\":\"Offre de prix\"}]},{\"@type\":\"WebSite\",\"@id\":\"https:\/\/thibert-cleaning.be\/nl\/#website\",\"url\":\"https:\/\/thibert-cleaning.be\/nl\/\",\"name\":\"Thibert Cleaning\",\"description\":\"Thibert Cleaning est une entreprise sp\u00e9cialis\u00e9e dans le lavage des vitres aupr\u00e8s des professionnels et des particuliers dans toutes les villes du Brabant wallon comme du Brabant flamand.\",\"publisher\":{\"@id\":\"https:\/\/thibert-cleaning.be\/nl\/#organization\"},\"potentialAction\":[{\"@type\":\"SearchAction\",\"target\":{\"@type\":\"EntryPoint\",\"urlTemplate\":\"https:\/\/thibert-cleaning.be\/nl\/?s={search_term_string}\"},\"query-input\":{\"@type\":\"PropertyValueSpecification\",\"valueRequired\":true,\"valueName\":\"search_term_string\"}}],\"inLanguage\":\"nl-NL\"},{\"@type\":\"Organization\",\"@id\":\"https:\/\/thibert-cleaning.be\/nl\/#organization\",\"name\":\"Thibert Cleaning\",\"url\":\"https:\/\/thibert-cleaning.be\/nl\/\",\"logo\":{\"@type\":\"ImageObject\",\"inLanguage\":\"nl-NL\",\"@id\":\"https:\/\/thibert-cleaning.be\/nl\/#\/schema\/logo\/image\/\",\"url\":\"https:\/\/thibert-cleaning.be\/wp-content\/uploads\/2023\/01\/cropped-fv.jpg\",\"contentUrl\":\"https:\/\/thibert-cleaning.be\/wp-content\/uploads\/2023\/01\/cropped-fv.jpg\",\"width\":512,\"height\":512,\"caption\":\"Thibert Cleaning\"},\"image\":{\"@id\":\"https:\/\/thibert-cleaning.be\/nl\/#\/schema\/logo\/image\/\"}}]}<\/script>\n<!-- \/ Yoast SEO plugin. -->","yoast_head_json":{"title":"Thibert Cleaning - Onze prijsoffertes op maat","description":"Wilt u dat ons bedrijf snel ingrijpt bij een bedrijf in Vlaams-Brabant? Neem dan nu contact met ons op.","robots":{"index":"index","follow":"follow","max-snippet":"max-snippet:-1","max-image-preview":"max-image-preview:large","max-video-preview":"max-video-preview:-1"},"canonical":"https:\/\/thibert-cleaning.be\/nl\/prijs-aanbieding-vilvoorde\/","og_locale":"nl_NL","og_type":"article","og_title":"Thibert Cleaning - Onze prijsoffertes op maat","og_description":"Wilt u dat ons bedrijf snel ingrijpt bij een bedrijf in Vlaams-Brabant? Neem dan nu contact met ons op.","og_url":"https:\/\/thibert-cleaning.be\/nl\/prijs-aanbieding-vilvoorde\/","og_site_name":"THIBERT CLEANING","article_modified_time":"2023-02-27T14:20:12+00:00","og_image":[{"width":300,"height":100,"url":"https:\/\/thibert-cleaning.be\/wp-content\/uploads\/2023\/01\/logo.png","type":"image\/png"}],"twitter_card":"summary_large_image","twitter_misc":{"Geschatte leestijd":"2 minuten"},"schema":{"@context":"https:\/\/schema.org","@graph":[{"@type":"WebPage","@id":"https:\/\/thibert-cleaning.be\/nl\/prijs-aanbieding-vilvoorde\/","url":"https:\/\/thibert-cleaning.be\/nl\/prijs-aanbieding-vilvoorde\/","name":"Thibert Cleaning - Onze prijsoffertes op maat","isPartOf":{"@id":"https:\/\/thibert-cleaning.be\/nl\/#website"},"datePublished":"2023-01-25T11:54:55+00:00","dateModified":"2023-02-27T14:20:12+00:00","description":"Wilt u dat ons bedrijf snel ingrijpt bij een bedrijf in Vlaams-Brabant? Neem dan nu contact met ons op.","breadcrumb":{"@id":"https:\/\/thibert-cleaning.be\/nl\/prijs-aanbieding-vilvoorde\/#breadcrumb"},"inLanguage":"nl-NL","potentialAction":[{"@type":"ReadAction","target":["https:\/\/thibert-cleaning.be\/nl\/prijs-aanbieding-vilvoorde\/"]}]},{"@type":"BreadcrumbList","@id":"https:\/\/thibert-cleaning.be\/nl\/prijs-aanbieding-vilvoorde\/#breadcrumb","itemListElement":[{"@type":"ListItem","position":1,"name":"Accueil","item":"https:\/\/thibert-cleaning.be\/nl\/"},{"@type":"ListItem","position":2,"name":"Offre de prix"}]},{"@type":"WebSite","@id":"https:\/\/thibert-cleaning.be\/nl\/#website","url":"https:\/\/thibert-cleaning.be\/nl\/","name":"Thibert Cleaning","description":"Thibert Cleaning est une entreprise sp\u00e9cialis\u00e9e dans le lavage des vitres aupr\u00e8s des professionnels et des particuliers dans toutes les villes du Brabant wallon comme du Brabant flamand.","publisher":{"@id":"https:\/\/thibert-cleaning.be\/nl\/#organization"},"potentialAction":[{"@type":"SearchAction","target":{"@type":"EntryPoint","urlTemplate":"https:\/\/thibert-cleaning.be\/nl\/?s={search_term_string}"},"query-input":{"@type":"PropertyValueSpecification","valueRequired":true,"valueName":"search_term_string"}}],"inLanguage":"nl-NL"},{"@type":"Organization","@id":"https:\/\/thibert-cleaning.be\/nl\/#organization","name":"Thibert Cleaning","url":"https:\/\/thibert-cleaning.be\/nl\/","logo":{"@type":"ImageObject","inLanguage":"nl-NL","@id":"https:\/\/thibert-cleaning.be\/nl\/#\/schema\/logo\/image\/","url":"https:\/\/thibert-cleaning.be\/wp-content\/uploads\/2023\/01\/cropped-fv.jpg","contentUrl":"https:\/\/thibert-cleaning.be\/wp-content\/uploads\/2023\/01\/cropped-fv.jpg","width":512,"height":512,"caption":"Thibert Cleaning"},"image":{"@id":"https:\/\/thibert-cleaning.be\/nl\/#\/schema\/logo\/image\/"}}]}},"_links":{"self":[{"href":"https:\/\/thibert-cleaning.be\/nl\/wp-json\/wp\/v2\/pages\/410","targetHints":{"allow":["GET"]}}],"collection":[{"href":"https:\/\/thibert-cleaning.be\/nl\/wp-json\/wp\/v2\/pages"}],"about":[{"href":"https:\/\/thibert-cleaning.be\/nl\/wp-json\/wp\/v2\/types\/page"}],"author":[{"embeddable":true,"href":"https:\/\/thibert-cleaning.be\/nl\/wp-json\/wp\/v2\/users\/2"}],"replies":[{"embeddable":true,"href":"https:\/\/thibert-cleaning.be\/nl\/wp-json\/wp\/v2\/comments?post=410"}],"version-history":[{"count":3,"href":"https:\/\/thibert-cleaning.be\/nl\/wp-json\/wp\/v2\/pages\/410\/revisions"}],"predecessor-version":[{"id":462,"href":"https:\/\/thibert-cleaning.be\/nl\/wp-json\/wp\/v2\/pages\/410\/revisions\/462"}],"wp:attachment":[{"href":"https:\/\/thibert-cleaning.be\/nl\/wp-json\/wp\/v2\/media?parent=410"}],"curies":[{"name":"wp","href":"https:\/\/api.w.org\/{rel}","templated":true}]}}